{"id":2531,"date":"2020-09-18T11:44:27","date_gmt":"2020-09-18T11:44:27","guid":{"rendered":"https:\/\/www.fastfiber.be\/tv\/"},"modified":"2021-11-25T08:56:46","modified_gmt":"2021-11-25T07:56:46","slug":"tv","status":"publish","type":"page","link":"https:\/\/www.fastfiber.be\/fr\/tv\/","title":{"rendered":"TV"},"content":{"rendered":"<p>Jusqu&rsquo;\u00e0 71 cha\u00eenes de t\u00e9l\u00e9vision. Football belge, s\u00e9ries et films \u00e0 la demande. Notre offre TV sera disponible sur TV, Tablette et smartphone.<\/p>\n","protected":false},"excerpt":{"rendered":"<p>Jusqu&rsquo;\u00e0 71 cha\u00eenes de t\u00e9l\u00e9vision. Football belge, s\u00e9ries et films \u00e0 la demande. Notre offre TV sera disponible sur TV, Tablette et smartphone.<\/p>\n","protected":false},"author":1,"featured_media":0,"parent":0,"menu_order":0,"comment_status":"closed","ping_status":"closed","template":"templates\/tv_belgain.php","meta":{"_acf_changed":false,"inline_featured_image":false,"footnotes":""},"class_list":["post-2531","page","type-page","status-publish","hentry"],"acf":[],"aioseo_notices":[],"_links":{"self":[{"href":"https:\/\/www.fastfiber.be\/fr\/wp-json\/wp\/v2\/pages\/2531","targetHints":{"allow":["GET"]}}],"collection":[{"href":"https:\/\/www.fastfiber.be\/fr\/wp-json\/wp\/v2\/pages"}],"about":[{"href":"https:\/\/www.fastfiber.be\/fr\/wp-json\/wp\/v2\/types\/page"}],"author":[{"embeddable":true,"href":"https:\/\/www.fastfiber.be\/fr\/wp-json\/wp\/v2\/users\/1"}],"replies":[{"embeddable":true,"href":"https:\/\/www.fastfiber.be\/fr\/wp-json\/wp\/v2\/comments?post=2531"}],"version-history":[{"count":3,"href":"https:\/\/www.fastfiber.be\/fr\/wp-json\/wp\/v2\/pages\/2531\/revisions"}],"predecessor-version":[{"id":2534,"href":"https:\/\/www.fastfiber.be\/fr\/wp-json\/wp\/v2\/pages\/2531\/revisions\/2534"}],"wp:attachment":[{"href":"https:\/\/www.fastfiber.be\/fr\/wp-json\/wp\/v2\/media?parent=2531"}],"curies":[{"name":"wp","href":"https:\/\/api.w.org\/{rel}","templated":true}]}}